{"id":14,"date":"2024-08-14T04:43:31","date_gmt":"2024-08-14T04:43:31","guid":{"rendered":"https:\/\/tradiciones.ancestrales.org\/DMS\/?page_id=14"},"modified":"2024-09-05T16:52:21","modified_gmt":"2024-09-05T22:52:21","slug":"contact","status":"publish","type":"page","link":"https:\/\/tradiciones.ancestrales.org\/DMS\/contact\/","title":{"rendered":"Cont\u00e1ctanos"},"content":{"rendered":"\n<p>Este espacio est\u00e1 dedicado a proporcionar a los visitantes m\u00faltiples formas de ponerse en contacto con el equipo c\u00edrculo organizador. Aqu\u00ed, encontrar\u00e1s formularios de contacto, direcciones de correo electr\u00f3nico, n\u00fameros de tel\u00e9fono, y enlaces a nuestras redes sociales. Tambi\u00e9n existe un mapa interactivo, disponible para aquellos que necesiten direcciones o informaci\u00f3n sobre c\u00f3mo llegar al lugar del evento.<\/p>\n\n\n\n<div class=\"wp-block-buttons is-content-justification-center is-layout-flex wp-container-core-buttons-is-layout-16018d1d wp-block-buttons-is-layout-flex\" id=\"contacto\">\n<div class=\"wp-block-button is-style-fill\"><a class=\"wp-block-button__link has-text-align-center wp-element-button\" href=\"mailto: contacto@tradiciones.ancestrales.org\">Env\u00edanos un correo electr\u00f3nico<\/a><\/div>\n<\/div>\n\n\n\n<p><\/p>\n","protected":false},"excerpt":{"rendered":"<p>Este espacio est\u00e1 dedicado a proporcionar a los visitantes m\u00faltiples formas de ponerse en contacto con el equipo c\u00edrculo organizador. Aqu\u00ed, encontrar\u00e1s formularios de contacto, direcciones de correo electr\u00f3nico, n\u00fameros de tel\u00e9fono, y enlaces a nuestras redes sociales. Tambi\u00e9n existe un mapa interactivo, disponible para aquellos que necesiten direcciones o informaci\u00f3n sobre c\u00f3mo llegar al &hellip; <\/p>\n<p class=\"link-more\"><a href=\"https:\/\/tradiciones.ancestrales.org\/DMS\/contact\/\" class=\"more-link\">Continuar leyendo<span class=\"screen-reader-text\"> &#8220;Cont\u00e1ctanos&#8221;<\/span><\/a><\/p>\n","protected":false},"author":1,"featured_media":133,"parent":0,"menu_order":0,"comment_status":"closed","ping_status":"closed","template":"","meta":{"footnotes":""},"class_list":["post-14","page","type-page","status-publish","has-post-thumbnail","hentry"],"_links":{"self":[{"href":"https:\/\/tradiciones.ancestrales.org\/DMS\/wp-json\/wp\/v2\/pages\/14","targetHints":{"allow":["GET"]}}],"collection":[{"href":"https:\/\/tradiciones.ancestrales.org\/DMS\/wp-json\/wp\/v2\/pages"}],"about":[{"href":"https:\/\/tradiciones.ancestrales.org\/DMS\/wp-json\/wp\/v2\/types\/page"}],"author":[{"embeddable":true,"href":"https:\/\/tradiciones.ancestrales.org\/DMS\/wp-json\/wp\/v2\/users\/1"}],"replies":[{"embeddable":true,"href":"https:\/\/tradiciones.ancestrales.org\/DMS\/wp-json\/wp\/v2\/comments?post=14"}],"version-history":[{"count":13,"href":"https:\/\/tradiciones.ancestrales.org\/DMS\/wp-json\/wp\/v2\/pages\/14\/revisions"}],"predecessor-version":[{"id":146,"href":"https:\/\/tradiciones.ancestrales.org\/DMS\/wp-json\/wp\/v2\/pages\/14\/revisions\/146"}],"wp:featuredmedia":[{"embeddable":true,"href":"https:\/\/tradiciones.ancestrales.org\/DMS\/wp-json\/wp\/v2\/media\/133"}],"wp:attachment":[{"href":"https:\/\/tradiciones.ancestrales.org\/DMS\/wp-json\/wp\/v2\/media?parent=14"}],"curies":[{"name":"wp","href":"https:\/\/api.w.org\/{rel}","templated":true}]}}